{"id":101,"date":"2022-10-20T08:55:53","date_gmt":"2022-10-20T08:55:53","guid":{"rendered":"https:\/\/kolja-klein.ch\/index.php\/colibri-wp\/"},"modified":"2025-03-16T20:41:08","modified_gmt":"2025-03-16T20:41:08","slug":"colibri-wp","status":"publish","type":"page","link":"https:\/\/kolja-klein.ch\/","title":{"rendered":"About this Page"},"content":{"rendered":"<p>Veranstaltungstechnik ist nicht nur eine Arbeit, sondern f\u00fcr viele Menschen eine Lebenseinstellung. Deshalb sagt man auch, dass nur Freaks in diesem Beruf arbeiten. Eventtechnik lebt aber auch sehr im Moment und ist am Ende leider sehr verg\u00e4nglich. Meine Begeisterung f\u00fcr dieses Thema, m\u00f6chte ich deshalb hier mit euch teilen.<\/p>\n<p>Ihr k\u00f6nnt hier Meinungen, Erfahrungsberichte, Anekdoten, und vieles mehr zum Thema guten Lichtes und Tones lesen und sehen.<\/p>\n\n\n<p class=\"wp-block-paragraph\"><\/p>\n","protected":false},"excerpt":{"rendered":"<p>Veranstaltungstechnik ist nicht nur eine Arbeit, sondern f\u00fcr viele Menschen eine Lebenseinstellung. Deshalb sagt man auch, dass nur Freaks in diesem Beruf arbeiten. Eventtechnik lebt aber auch sehr im Moment und ist am Ende leider sehr verg\u00e4nglich. Meine Begeisterung f\u00fcr dieses Thema, m\u00f6chte ich deshalb hier mit euch teilen. Ihr k\u00f6nnt hier Meinungen, Erfahrungsberichte, Anekdoten, &hellip; <\/p>\n<p class=\"link-more\"><a href=\"https:\/\/kolja-klein.ch\/\" class=\"more-link\"><span class=\"screen-reader-text\">\u201eAbout this Page\u201c<\/span> weiterlesen<\/a><\/p>\n","protected":false},"author":1,"featured_media":0,"parent":0,"menu_order":0,"comment_status":"closed","ping_status":"closed","template":"","meta":{"_crdt_document":"","footnotes":""},"class_list":["post-101","page","type-page","status-publish","hentry"],"_links":{"self":[{"href":"https:\/\/kolja-klein.ch\/index.php\/wp-json\/wp\/v2\/pages\/101","targetHints":{"allow":["GET"]}}],"collection":[{"href":"https:\/\/kolja-klein.ch\/index.php\/wp-json\/wp\/v2\/pages"}],"about":[{"href":"https:\/\/kolja-klein.ch\/index.php\/wp-json\/wp\/v2\/types\/page"}],"author":[{"embeddable":true,"href":"https:\/\/kolja-klein.ch\/index.php\/wp-json\/wp\/v2\/users\/1"}],"replies":[{"embeddable":true,"href":"https:\/\/kolja-klein.ch\/index.php\/wp-json\/wp\/v2\/comments?post=101"}],"version-history":[{"count":5,"href":"https:\/\/kolja-klein.ch\/index.php\/wp-json\/wp\/v2\/pages\/101\/revisions"}],"predecessor-version":[{"id":212,"href":"https:\/\/kolja-klein.ch\/index.php\/wp-json\/wp\/v2\/pages\/101\/revisions\/212"}],"wp:attachment":[{"href":"https:\/\/kolja-klein.ch\/index.php\/wp-json\/wp\/v2\/media?parent=101"}],"curies":[{"name":"wp","href":"https:\/\/api.w.org\/{rel}","templated":true}]}}