{"id":13,"date":"2022-10-19T11:29:18","date_gmt":"2022-10-19T11:29:18","guid":{"rendered":"https:\/\/kolja-klein.ch\/?page_id=13"},"modified":"2022-10-21T08:46:28","modified_gmt":"2022-10-21T08:46:28","slug":"pa","status":"publish","type":"page","link":"https:\/\/kolja-klein.ch\/index.php\/pa\/","title":{"rendered":"PA"},"content":{"rendered":"<h3>Erfahrungen mit verschiedenen PA&#8217;s und Systemtechnologien<\/h3>\n<p>Lautsprecher gibt es in verschiedenen Formen und gr\u00f6ssen. Verschiedene Technologien und Bauformen sollen die Beschallung immer wieder aufs neue revolutionieren. Und es soll Lautsprecher geben, die einfach alles k\u00f6nnen.<\/p>\n<p>Meine bescheidene Meinung werde ich hier in verschiedenen Beitr\u00e4gen zu einzelnen dieser Themen \u00e4ussern, nat\u00fcrlich unter Vorbehalt meiner pers\u00f6nlichen bescheidenen Expertise ohne dabei bei diesem teils emotional sehr aufgeladenem Thema zu nahe treten zu wollen. Nat\u00fcrlich sind deine Lautsprecher die besten&#8230;.. =)<\/p>\n<h1>zu den Beitr\u00e4gen:<\/h1>\n\n<ul class=\"wp-block-latest-posts__list has-dates wp-block-latest-posts\"><li><div class=\"wp-block-latest-posts__featured-image\"><img loading=\"lazy\" decoding=\"async\" width=\"150\" height=\"150\" src=\"https:\/\/kolja-klein.ch\/wp-content\/uploads\/2022\/10\/Funktion-ONe-150x150.jpg\" class=\"attachment-thumbnail size-thumbnail wp-post-image\" alt=\"\" style=\"\" sizes=\"auto, 100vw\" \/><\/div><a class=\"wp-block-latest-posts__post-title\" href=\"https:\/\/kolja-klein.ch\/index.php\/2022\/10\/20\/pa-die-richtigen-lautsprecher\/\">PA &#8211; die richtigen Lautsprecher<\/a><time datetime=\"2022-10-20T08:43:26+00:00\" class=\"wp-block-latest-posts__post-date\">20. Oktober 2022<\/time><div class=\"wp-block-latest-posts__post-excerpt\">Was ist ein PA? &#8211; Was macht ein PA? &#8211; Wie funktioniert ein PA? Fragen denen man auf den Grund gehen kann, indem wir uns die Bed\u00fcrfnisse und ein paar Beispiele f\u00fcr Lautsprecher anschauen.<\/div><\/li>\n<\/ul>\n\n<ul class=\"wp-block-archives-list wp-block-archives\">\t<li><a href='https:\/\/kolja-klein.ch\/index.php\/2022\/10\/'>Oktober 2022<\/a><\/li>\n<\/ul>","protected":false},"excerpt":{"rendered":"<p>Erfahrungen mit verschiedenen PA&#8217;s und Systemtechnologien Lautsprecher gibt es in verschiedenen Formen und gr\u00f6ssen. Verschiedene Technologien und Bauformen sollen die Beschallung immer wieder aufs neue revolutionieren. Und es soll Lautsprecher geben, die einfach alles k\u00f6nnen. Meine bescheidene Meinung werde ich hier in verschiedenen Beitr\u00e4gen zu einzelnen dieser Themen \u00e4ussern, nat\u00fcrlich unter Vorbehalt meiner pers\u00f6nlichen bescheidenen &hellip; <\/p>\n<p class=\"link-more\"><a href=\"https:\/\/kolja-klein.ch\/index.php\/pa\/\" class=\"more-link\"><span class=\"screen-reader-text\">\u201ePA\u201c<\/span> weiterlesen<\/a><\/p>\n","protected":false},"author":1,"featured_media":68,"parent":0,"menu_order":0,"comment_status":"closed","ping_status":"closed","template":"","meta":{"_crdt_document":"","footnotes":""},"class_list":["post-13","page","type-page","status-publish","has-post-thumbnail","hentry"],"_links":{"self":[{"href":"https:\/\/kolja-klein.ch\/index.php\/wp-json\/wp\/v2\/pages\/13","targetHints":{"allow":["GET"]}}],"collection":[{"href":"https:\/\/kolja-klein.ch\/index.php\/wp-json\/wp\/v2\/pages"}],"about":[{"href":"https:\/\/kolja-klein.ch\/index.php\/wp-json\/wp\/v2\/types\/page"}],"author":[{"embeddable":true,"href":"https:\/\/kolja-klein.ch\/index.php\/wp-json\/wp\/v2\/users\/1"}],"replies":[{"embeddable":true,"href":"https:\/\/kolja-klein.ch\/index.php\/wp-json\/wp\/v2\/comments?post=13"}],"version-history":[{"count":4,"href":"https:\/\/kolja-klein.ch\/index.php\/wp-json\/wp\/v2\/pages\/13\/revisions"}],"predecessor-version":[{"id":147,"href":"https:\/\/kolja-klein.ch\/index.php\/wp-json\/wp\/v2\/pages\/13\/revisions\/147"}],"wp:featuredmedia":[{"embeddable":true,"href":"https:\/\/kolja-klein.ch\/index.php\/wp-json\/wp\/v2\/media\/68"}],"wp:attachment":[{"href":"https:\/\/kolja-klein.ch\/index.php\/wp-json\/wp\/v2\/media?parent=13"}],"curies":[{"name":"wp","href":"https:\/\/api.w.org\/{rel}","templated":true}]}}