{"id":17,"date":"2022-10-19T11:30:58","date_gmt":"2022-10-19T11:30:58","guid":{"rendered":"https:\/\/kolja-klein.ch\/?page_id=17"},"modified":"2022-10-23T11:16:35","modified_gmt":"2022-10-23T11:16:35","slug":"shows-off","status":"publish","type":"page","link":"https:\/\/kolja-klein.ch\/index.php\/shows-off\/","title":{"rendered":"Show(s) off"},"content":{"rendered":"\n<p class=\"wp-block-paragraph\">Vergangene Shows, an denen ich mitgewirkt habe und meine Eindr\u00fccke und Anekdoten<\/p>\n\n\n<ul class=\"wp-block-latest-posts__list has-dates wp-block-latest-posts\"><li><div class=\"wp-block-latest-posts__featured-image alignright\"><img loading=\"lazy\" decoding=\"async\" width=\"300\" height=\"141\" src=\"https:\/\/kolja-klein.ch\/wp-content\/uploads\/2022\/10\/MehSuff22-300x141.jpg\" class=\"attachment-medium size-medium wp-post-image\" alt=\"\" style=\"max-width:225px;max-height:225px;\" srcset=\"https:\/\/kolja-klein.ch\/wp-content\/uploads\/2022\/10\/MehSuff22-300x141.jpg 300w, https:\/\/kolja-klein.ch\/wp-content\/uploads\/2022\/10\/MehSuff22-1024x483.jpg 1024w, https:\/\/kolja-klein.ch\/wp-content\/uploads\/2022\/10\/MehSuff22-768x362.jpg 768w, https:\/\/kolja-klein.ch\/wp-content\/uploads\/2022\/10\/MehSuff22-1536x724.jpg 1536w, https:\/\/kolja-klein.ch\/wp-content\/uploads\/2022\/10\/MehSuff22.jpg 1794w\" sizes=\"auto, 100vw\" \/><\/div><a class=\"wp-block-latest-posts__post-title\" href=\"https:\/\/kolja-klein.ch\/index.php\/2022\/10\/21\/mehsuff-festival\/\">Mehsuff Festival<\/a><time datetime=\"2022-10-21T09:51:29+00:00\" class=\"wp-block-latest-posts__post-date\">21. Oktober 2022<\/time><div class=\"wp-block-latest-posts__post-excerpt\">Wie bereits im Titelbild zu sehen, hatte ich die Ehre und das Vergn\u00fcgen am Mehsuff Festival 2022 mitzuwirken. Der Dian von der Eventattack GmbH macht das Konzept und Design f\u00fcr das Lichtsetup, was mir pers\u00f6nlich immer sehr gef\u00e4llt. Gewisse Details wie beleuchtete Linarray T\u00fcrme, coole einfache Frontlichtl\u00f6sungen die einfach funktionieren, ein gutes Setup an Rock&amp;Roll &hellip; <p class=\"link-more\"><a href=\"https:\/\/kolja-klein.ch\/index.php\/2022\/10\/21\/mehsuff-festival\/\" class=\"more-link\"><span class=\"screen-reader-text\">\u201eMehsuff Festival\u201c<\/span> weiterlesen<\/a><\/p><\/div><\/li>\n<\/ul>","protected":false},"excerpt":{"rendered":"<p>Vergangene Shows, an denen ich mitgewirkt habe und meine Eindr\u00fccke und Anekdoten<\/p>\n","protected":false},"author":1,"featured_media":136,"parent":0,"menu_order":0,"comment_status":"closed","ping_status":"closed","template":"","meta":{"_crdt_document":"","footnotes":""},"class_list":["post-17","page","type-page","status-publish","has-post-thumbnail","hentry"],"_links":{"self":[{"href":"https:\/\/kolja-klein.ch\/index.php\/wp-json\/wp\/v2\/pages\/17","targetHints":{"allow":["GET"]}}],"collection":[{"href":"https:\/\/kolja-klein.ch\/index.php\/wp-json\/wp\/v2\/pages"}],"about":[{"href":"https:\/\/kolja-klein.ch\/index.php\/wp-json\/wp\/v2\/types\/page"}],"author":[{"embeddable":true,"href":"https:\/\/kolja-klein.ch\/index.php\/wp-json\/wp\/v2\/users\/1"}],"replies":[{"embeddable":true,"href":"https:\/\/kolja-klein.ch\/index.php\/wp-json\/wp\/v2\/comments?post=17"}],"version-history":[{"count":4,"href":"https:\/\/kolja-klein.ch\/index.php\/wp-json\/wp\/v2\/pages\/17\/revisions"}],"predecessor-version":[{"id":190,"href":"https:\/\/kolja-klein.ch\/index.php\/wp-json\/wp\/v2\/pages\/17\/revisions\/190"}],"wp:featuredmedia":[{"embeddable":true,"href":"https:\/\/kolja-klein.ch\/index.php\/wp-json\/wp\/v2\/media\/136"}],"wp:attachment":[{"href":"https:\/\/kolja-klein.ch\/index.php\/wp-json\/wp\/v2\/media?parent=17"}],"curies":[{"name":"wp","href":"https:\/\/api.w.org\/{rel}","templated":true}]}}