{"id":19,"date":"2022-10-19T11:32:26","date_gmt":"2022-10-19T11:32:26","guid":{"rendered":"https:\/\/kolja-klein.ch\/?page_id=19"},"modified":"2022-10-28T04:35:41","modified_gmt":"2022-10-28T04:35:41","slug":"about-this-webpage","status":"publish","type":"page","link":"https:\/\/kolja-klein.ch\/index.php\/about-this-webpage\/","title":{"rendered":"About me"},"content":{"rendered":"<p><img loading=\"lazy\" decoding=\"async\" class=\" wp-image-125 alignright\" src=\"https:\/\/kolja-klein.ch\/wp-content\/uploads\/2022\/10\/IMG_6477-197x300.jpg\" alt=\"\" width=\"132\" height=\"201\" srcset=\"https:\/\/kolja-klein.ch\/wp-content\/uploads\/2022\/10\/IMG_6477-197x300.jpg 197w, https:\/\/kolja-klein.ch\/wp-content\/uploads\/2022\/10\/IMG_6477.jpg 629w\" sizes=\"auto, (max-width: 132px) 100vw, 132px\" \/>Ich bin Veranstaltungstechniker von Herzen. Events, Ambiente und guter Ton ist eine Leidenschaft. Ich habe diese Leidenschaft nun nach Jahrzehnten im Hauptberuf endlich wieder zu meinem Hobby gemacht, damit ich endlich die Qualit\u00e4t und die Motivation in dieses faszinierende und emotionale Handwerk leben kann, welche diesem geb\u00fchrt.<\/p>\n<p>Oder kurz: Ich suche mir jetzt aus f\u00fcr wen und f\u00fcr was ich mir den Arsch aufreisse !<\/p>\n<p><img loading=\"lazy\" decoding=\"async\" class=\" wp-image-126 alignleft\" src=\"https:\/\/kolja-klein.ch\/wp-content\/uploads\/2022\/10\/IMG_3287-300x225.jpg\" alt=\"\" width=\"159\" height=\"119\" srcset=\"https:\/\/kolja-klein.ch\/wp-content\/uploads\/2022\/10\/IMG_3287-300x225.jpg 300w, https:\/\/kolja-klein.ch\/wp-content\/uploads\/2022\/10\/IMG_3287-1024x768.jpg 1024w, https:\/\/kolja-klein.ch\/wp-content\/uploads\/2022\/10\/IMG_3287-768x576.jpg 768w, https:\/\/kolja-klein.ch\/wp-content\/uploads\/2022\/10\/IMG_3287-1536x1152.jpg 1536w, https:\/\/kolja-klein.ch\/wp-content\/uploads\/2022\/10\/IMG_3287-2048x1536.jpg 2048w\" sizes=\"auto, (max-width: 159px) 100vw, 159px\" \/>Ich bin Live-Tontechniker aus Leidenschaft. Ein gutes PA, eine gute Band, mein Mischpult und meine Mikros, und die Party kann los gehen! Da wird gebastelt und gearbeitet bis es mir gef\u00e4llt. Und wenns keinen Tiefgang hat, tja, was soll ich sagen? &#8230;<\/p>\n<p><img loading=\"lazy\" decoding=\"async\" class=\"wp-image-127 alignright\" src=\"https:\/\/kolja-klein.ch\/wp-content\/uploads\/2022\/10\/IMG_3819-300x225.jpeg\" alt=\"\" width=\"159\" height=\"119\" srcset=\"https:\/\/kolja-klein.ch\/wp-content\/uploads\/2022\/10\/IMG_3819-300x225.jpeg 300w, https:\/\/kolja-klein.ch\/wp-content\/uploads\/2022\/10\/IMG_3819-1024x768.jpeg 1024w, https:\/\/kolja-klein.ch\/wp-content\/uploads\/2022\/10\/IMG_3819-768x576.jpeg 768w, https:\/\/kolja-klein.ch\/wp-content\/uploads\/2022\/10\/IMG_3819-1536x1152.jpeg 1536w, https:\/\/kolja-klein.ch\/wp-content\/uploads\/2022\/10\/IMG_3819-2048x1536.jpeg 2048w\" sizes=\"auto, (max-width: 159px) 100vw, 159px\" \/>In die Lichttechnik bin ich reingerutsch, aber auch das ist ein unglaubliches und faszinierendes Feld, in dem ich gerne kreativ werde um wundersch\u00f6ne B\u00fchnenbilder zu. Zaubern, und der Show das gewisse extra zu geben versuche.<\/p>\n<p>Hier m\u00f6chte ich ein paar Einblicke und Eindr\u00fccke teilen in meine Arbeiten und die Events an denen ich mitgewirkt habe. Denn solche Abende sind viel zu verg\u00e4nglich, und was w\u00e4re das Leben, wenn man mit dem was man gut gemacht hat, nicht auch ein wenig angeben kann.<\/p>\n","protected":false},"excerpt":{"rendered":"<p>Ich bin Veranstaltungstechniker von Herzen. Events, Ambiente und guter Ton ist eine Leidenschaft. Ich habe diese Leidenschaft nun nach Jahrzehnten im Hauptberuf endlich wieder zu meinem Hobby gemacht, damit ich endlich die Qualit\u00e4t und die Motivation in dieses faszinierende und emotionale Handwerk leben kann, welche diesem geb\u00fchrt. Oder kurz: Ich suche mir jetzt aus f\u00fcr &hellip; <\/p>\n<p class=\"link-more\"><a href=\"https:\/\/kolja-klein.ch\/index.php\/about-this-webpage\/\" class=\"more-link\"><span class=\"screen-reader-text\">\u201eAbout me\u201c<\/span> weiterlesen<\/a><\/p>\n","protected":false},"author":1,"featured_media":124,"parent":0,"menu_order":0,"comment_status":"closed","ping_status":"closed","template":"","meta":{"_crdt_document":"","footnotes":""},"class_list":["post-19","page","type-page","status-publish","has-post-thumbnail","hentry"],"_links":{"self":[{"href":"https:\/\/kolja-klein.ch\/index.php\/wp-json\/wp\/v2\/pages\/19","targetHints":{"allow":["GET"]}}],"collection":[{"href":"https:\/\/kolja-klein.ch\/index.php\/wp-json\/wp\/v2\/pages"}],"about":[{"href":"https:\/\/kolja-klein.ch\/index.php\/wp-json\/wp\/v2\/types\/page"}],"author":[{"embeddable":true,"href":"https:\/\/kolja-klein.ch\/index.php\/wp-json\/wp\/v2\/users\/1"}],"replies":[{"embeddable":true,"href":"https:\/\/kolja-klein.ch\/index.php\/wp-json\/wp\/v2\/comments?post=19"}],"version-history":[{"count":4,"href":"https:\/\/kolja-klein.ch\/index.php\/wp-json\/wp\/v2\/pages\/19\/revisions"}],"predecessor-version":[{"id":204,"href":"https:\/\/kolja-klein.ch\/index.php\/wp-json\/wp\/v2\/pages\/19\/revisions\/204"}],"wp:featuredmedia":[{"embeddable":true,"href":"https:\/\/kolja-klein.ch\/index.php\/wp-json\/wp\/v2\/media\/124"}],"wp:attachment":[{"href":"https:\/\/kolja-klein.ch\/index.php\/wp-json\/wp\/v2\/media?parent=19"}],"curies":[{"name":"wp","href":"https:\/\/api.w.org\/{rel}","templated":true}]}}